{"id":207,"date":"2017-10-04T08:00:02","date_gmt":"2017-10-04T13:00:02","guid":{"rendered":"http:\/\/reforma3000.seminariobiblicocucuta.org\/?page_id=207"},"modified":"2018-08-17T20:44:28","modified_gmt":"2018-08-18T01:44:28","slug":"4-augsburgo","status":"publish","type":"page","link":"https:\/\/reforma3000.seminariobiblicocucuta.org\/index.php\/4-augsburgo\/","title":{"rendered":"Unidad y divisi\u00f3n"},"content":{"rendered":"<h3>La Confesi\u00f3n en la Dieta de Augsburgo<\/h3>\n<p><em>La Confessio Augustana (CA), tambi\u00e9n Augsburger Bekenntnis (A.B.) o Confesi\u00f3n de Augsburgo, es la fundamental declaraci\u00f3n de fe de los Estados Imperiales luteranos a su creencia religiosa. Fue presentado por los Estados de la reforma luterana en la Dieta de Augsburgo de 1530 al Emperador Carlos V. Fue la base de los di\u00e1logos sobre religi\u00f3n, fundamento de la Liga de Esmalcalda, base para la tolerancia de Paz de Augsburgo. Hasta hoy pertenece al conjunto de los escritos confesionales de las iglesias luteranas; en la versi\u00f3n de 1540 (Variata) tambi\u00e9n de las iglesias reformadas.<\/em><a class=\"image\" href=\"https:\/\/de.wikipedia.org\/wiki\/Datei:Luther-vor-Cajetan.jpg\">\u00a0<\/a><\/p>\n<h6><img loading=\"lazy\" decoding=\"async\" class=\"alignleft size-medium wp-image-336\" src=\"http:\/\/reforma3000.seminariobiblicocucuta.org\/wp-content\/uploads\/2017\/10\/LuteroCayetano1518-300x218.jpg\" alt=\"\" width=\"300\" height=\"218\" \/>Interrogatorio de Lutero en Augsburgo por el Cardenal Cayetano (1518)<\/h6>\n<p>La primera aparici\u00f3n de Augsburgo en la historia de la Reforma es la breve estad\u00eda de Mart\u00edn Lutero en la ciudad donde es sometido a un interrogatorio \u00abpaternal\u00bb de tres d\u00edas de parte del emisario papal, el Cardenal Cayetano, dentro del marco de una convenci\u00f3n de monjes agustinos a cuya orden pertenece Lutero.\u00a0 Este es consciente de las posibles consecuencias a las que se expone pisando un territorio donde no goza de la protecci\u00f3n del Pr\u00edncipe Elector de Sajonia. El pr\u00edncipe\u00a0se ha negado insistentemente entregar al profesor de teolog\u00eda para su traslado a Roma, pero no tiene poder fuera de sus tierras. El destino final de Juan Hus, la hoguera, est\u00e1 en la mente del reformador y de sus partidarios. A pesar de esto, Lutero no est\u00e1 dispuesto a retractarse, sino huye para escapar al arresto inminente.<\/p>\n<p>Los 95 Tesis del 31 de octubre 1517 han puesto en marcha el movimiento reformador de Alemania el que, a pesar del Edicto de <a href=\"http:\/\/reforma3000.seminariobiblicocucuta.org\/2-worms\"><strong>Worms<\/strong><\/a> de 1521, se difunde velozmente. Mientras m\u00e1s y m\u00e1s estados imperiales toman el partido de Lutero, el Emperador Carlos V. intenta salvar la unidad de la Iglesia y del Imperio.<\/p>\n<h4>La redacci\u00f3n de la confesi\u00f3n luterana<\/h4>\n<p>La invitaci\u00f3n a la Dieta de Augsburgo mantiene un tono reconciliador y los luteranos tienen la esperanza de llegar a un acuerdo por la buenas. En la Dieta precedente, la de <a href=\"http:\/\/reforma3000.seminariobiblicocucuta.org\/el-derecho-de-la-minoria\"><strong>Espira<\/strong><\/a>, el Edicto de Worms\u00a0ha sido afirmado lo que pone la Reforma sobre un piso legalmente dudoso. Es por eso que el Pr\u00edncipe Elector Juan de Sajonia encarga a Felipe Melanchthon la redacci\u00f3n de una Apolog\u00eda, un escrito a defensa de la Reforma. Pero luego que se entera de los \u00ab404 art\u00edculos\u00bb de Johannes von Eck, el antiguo adversario de Mart\u00edn Lutero en Worms, la brevemente redactada apolog\u00eda de Melanchthon parece insuficiente, por lo que este comienza a reformular su texto, ayudado por\u00a0 Juan Brenz. El resultado: la <strong>Confessio Augustana<\/strong>. Por diplomacia hace un \u00e9nfasis en los muchos puntos de concordancia con la Iglesia Cat\u00f3lica de Roma.<\/p>\n<h6 style=\"text-align: right;\"><img loading=\"lazy\" decoding=\"async\" class=\"size-medium wp-image-215 alignright\" src=\"http:\/\/reforma3000.seminariobiblicocucuta.org\/wp-content\/uploads\/2017\/10\/PhilippMelanchthon-211x300.jpg\" alt=\"\" width=\"211\" height=\"300\" \/>Felipe Melanchthon (1497-1560)<\/h6>\n<p>Como documentos fundamentales, Melanchthon\u00a0se s\u00edrve\u00a0de los llamados <em>Art\u00edculos de Schwabach<\/em>, redactados por Lutero en contra de Ulrico Zuinglio, as\u00ed como de\u00a0los <em>Art\u00edculos de Torgau<\/em>. La Confessio Augustana se redacta tanto en lat\u00edn como en alem\u00e1n, con diferencias entre las dos versiones. La raz\u00f3n es que Melanchthon trabaja sobre la version latina hasta el \u00faltimo minuto antes de la presentaci\u00f3n y adapta especialmente al Art\u00edculo 10 sobre la Cena del Se\u00f1or seg\u00fan su\u00a0entendimiento.<\/p>\n<p>La lectura de la versi\u00f3n alemana\u00a0tiene lugar\u00a0el 25 de junio 1530 delante del Emperador Carlos V. y de los pr\u00edncipes electores del Imperio. La hace el canciller y doctor de derecho Cristian Beyer en la sala capitular del palacio obispal de la ciudad. En seguida se entrega la versi\u00f3n latina en manos del emperador.<\/p>\n<p>Esta versi\u00f3n latina, la\u00a0Confessio Augustana\u00a0lleva las siguientes firmas:<\/p>\n<ul>\n<li>Juan, duque de Sajonia, Pr\u00edncipe Elector<\/li>\n<li>Jorge, marqu\u00e9s de Brandenburgo-Ansbach<\/li>\n<li>Ernesto, duque en Luneburg<\/li>\n<li>Felipe, conde soberano en Hessen<\/li>\n<li>Wolfgang, pr\u00edncipe de Anhalt-K\u00f6then<\/li>\n<li>los burgomaestres y concejales de Nuremberg<\/li>\n<li>los burgomaestres y concejales de Reutlingen<\/li>\n<\/ul>\n<p>Al continuar la dieta tambi\u00e9n se unen las ciudades imperiales\u00a0Weissenburgo, Heilbronn, Kempten y Windsheim a la confesi\u00f3n. Con raz\u00f3n de divergencias sobre la Cena del Se\u00f1or, cuatro ciudades del sur alem\u00e1n, los que parcialmente son del partido de Zuinglio -Strasburgo, Constanza, Memmingen y Lindau- no participan\u00a0en el la Confesi\u00f3n de Augsburgo. En su lugar redactan una propia, la <em>Confessio Tetrapolitana<\/em>, pero no consiguen\u00a0una lectura p\u00fablica. Es la raz\u00f3n por la cual posteriormente no gozar\u00e1n\u00a0de la protecci\u00f3n por\u00a0la Paz religiosa de Augsburgo (1555).<\/p>\n<p>Mart\u00edn Lutero, excomunicado y declarado por fuera de la ley imperial, ha tomado residencia en Coburgo (lo m\u00e1s lejos que puede ir sin correr\u00a0peligro) y mantiene contacto permanente con Melanchthon mediante correspondencia. Con la redacci\u00f3n de la confesi\u00f3n en lat\u00edn y alem\u00e1n\u00a0apuntan a\u00a0entablar una base de discusi\u00f3n con los cat\u00f3licos. Del lado de estos tambi\u00e9n se han preparado te\u00f3logos, Juan Eck y Juan Fabri. Por encargo de Carlos escriben la <em>Confutatio<\/em>; desde su perspectiva una refutaci\u00f3n suficiente. Por ende, la dieta rechaza recibir la <em>Apolog\u00eda de la Confessio Augustana<\/em> y el Emperador Carlos V. confirma la vigencia del Edicto de Worms.<\/p>\n<p>Los Estados Imperiales luteranos se unen en 1531 para formar la Liga de Esmalcalda.<\/p>\n<h3>La <span id=\"Die_Confessio_Augustana_Variata_1540\" class=\"mw-headline\">Confessio Augustana Variata de 1540<\/span><\/h3>\n<p>Por toda la vida Melanchthon considera a la Confesi\u00f3n de Augsburgo como obra suya en particular y se siente con el derecho de redactar versiones\u00a0 alternas. En 1540 presenta un documento editado: la <em>Confessio Augustana Variata.<\/em> Ya desde la primera edici\u00f3n impresa luego de 1533 agrega una secuencia de ampliaciones, como pasajes del texto de la<em> Apolog\u00eda<\/em>. Luego de la segunda edici\u00f3n de su obra <em>Loci theologici<\/em> en 1535 -la primera dogm\u00e1tica evang\u00e9lica-, la <em>Concordancia de Wittenberg<\/em> en 1536, los <em>Art\u00edculos de Esmalcalda<\/em> en 1537.\u00a0 as\u00ed como por causa de las conversaciones pendientes de los a\u00f1os 1540\/41, surgen razones numerosas a favor de la \u00abcontinuaci\u00f3n respectivamente la adaptaci\u00f3n de la Confessio Augustana como documento fundamental de la Liga\u00bb. Por lo cual la <em>Variata<\/em> se considera m\u00e1s all\u00e1 de una obra personal de Melanchthon, la versi\u00f3n oficialmente aprobada y aceptada por la Liga, por lo menos hasta 1561.<\/p>\n<p>En 1541, tambi\u00e9n Juan\u00a0 Calvino pone su firma bajo la Confessio Augustana Variata.<\/p>\n<p>Es\u00a0despu\u00e9s de la muerte de Lutero en 1546 que dentro del campo luterano comienzan a proliferar las discusiones. El conflicto estalla entre diferentes disc\u00edpulos de Melanchthon y los llamados Gnesioluteranos (los verdaderos luteranos). En la Reuni\u00f3n de Pr\u00edncipes en Naumburgo en 1561, se decide insistir en la versi\u00f3n original, la <em>Confessio Augusana invariata<\/em>. En 1580 se inscribe en el libro de Concordancia que rige a las iglesias luteranas, mientras la <em>Variata<\/em> es el fundamento\u00a0para algunas de las <em>iglesias unidas<\/em>, es decir, las que nacen de la uni\u00f3n entre luteranos y calvinistas.<\/p>\n<h3>Uni\u00f3n y divisi\u00f3n en\u00a0Augsburgo: su significado<\/h3>\n<p>Es una experiencia hist\u00f3rica de movimientos religiosos o pol\u00edticos que estar de acuerdo en rechazar una doctrina determinada no conduce de por s\u00ed a la unidad en la formaci\u00f3n de la nueva doctrina. De acuerdo en lo central, la salvaci\u00f3n por gracia por medio de la fe, los reformadores descubrieron pronto sus diferencias. Lo que fue pensado como manifestaci\u00f3n de unidad frente a Iglesia Cat\u00f3lico-Romana y Sacro Imperio Alem\u00e1n, demasiado pronto torn\u00f3 en la expresi\u00f3n documentaria de las divergencias.<\/p>\n<p>Mientras los luteranos lograron poner fin a sus diferencias por medio del <em>Libro de Concordancia<\/em>, se distanciaron de los evang\u00e9licos suizos que despu\u00e9s de la muerte de Zuinglio concordaron en las ense\u00f1anzas de Juan Calvino, antes de que estos comenzaron a dividirse por su parte sobre\u00a0la ense\u00f1anza de Arminio y sus <em>remonstrantes<\/em>. Y todos -cat\u00f3licos, protestantes luteranos y reformados calvinistas- se declararon decididamente opuestos a la rama radical de los anabautistas, un movimiento tambi\u00e9n dividido en cuanto a la correcta forma de volver a las ra\u00edces de la iglesia del Pentecost\u00e9s. La Confesi\u00f3n de Augsburgo fue referencia tambi\u00e9n para la doctrina central de la Iglesia Anglicana, introducida por Eduardo VI. y mantenida por Isabel I.<\/p>\n<p>Como espectadores de la m\u00e1s asombrosa proliferaci\u00f3n de doctrinas y denominaciones, a punto de atomizar la iglesia evang\u00e9lica, debemos apreciar la facultad de Mart\u00edn Lutero y Felipe Melanchthon de redactar su Confesi\u00f3n de forma que fue capaz servir de punto de encuentro unificador, y que hasta el d\u00eda de hoy les sirve como tal a los muchos millones de protestantes en Alemania, Dinamarca, Suecia, Noruega y Finlandia, aquellas naciones que le permanecieron fieles al pensamiento de Lutero. Porque el pensamiento central de Lutero es v\u00e1lido, aun cuando su puesta en pr\u00e1ctica muchas veces no lo ha sido.<\/p>\n","protected":false},"excerpt":{"rendered":"<p>La Confesi\u00f3n en la Dieta de Augsburgo La Confessio Augustana (CA), tambi\u00e9n Augsburger Bekenntnis (A.B.) o Confesi\u00f3n de Augsburgo, es la fundamental declaraci\u00f3n de fe de los Estados Imperiales luteranos a su creencia religiosa. Fue presentado por los Estados de la reforma luterana en la Dieta de Augsburgo de 1530 al Emperador Carlos V. Fue &hellip; <\/p>\n<p class=\"read-more\"><a class=\"btn btn-default\" href=\"https:\/\/reforma3000.seminariobiblicocucuta.org\/index.php\/4-augsburgo\/\"> Seguir leyendo<span class=\"screen-reader-text\">  Seguir leyendo<\/span><\/a><\/p>\n","protected":false},"author":1,"featured_media":0,"parent":0,"menu_order":0,"comment_status":"closed","ping_status":"closed","template":"","meta":{"footnotes":""},"_links":{"self":[{"href":"https:\/\/reforma3000.seminariobiblicocucuta.org\/index.php\/wp-json\/wp\/v2\/pages\/207"}],"collection":[{"href":"https:\/\/reforma3000.seminariobiblicocucuta.org\/index.php\/wp-json\/wp\/v2\/pages"}],"about":[{"href":"https:\/\/reforma3000.seminariobiblicocucuta.org\/index.php\/wp-json\/wp\/v2\/types\/page"}],"author":[{"embeddable":true,"href":"https:\/\/reforma3000.seminariobiblicocucuta.org\/index.php\/wp-json\/wp\/v2\/users\/1"}],"replies":[{"embeddable":true,"href":"https:\/\/reforma3000.seminariobiblicocucuta.org\/index.php\/wp-json\/wp\/v2\/comments?post=207"}],"version-history":[{"count":31,"href":"https:\/\/reforma3000.seminariobiblicocucuta.org\/index.php\/wp-json\/wp\/v2\/pages\/207\/revisions"}],"predecessor-version":[{"id":657,"href":"https:\/\/reforma3000.seminariobiblicocucuta.org\/index.php\/wp-json\/wp\/v2\/pages\/207\/revisions\/657"}],"wp:attachment":[{"href":"https:\/\/reforma3000.seminariobiblicocucuta.org\/index.php\/wp-json\/wp\/v2\/media?parent=207"}],"curies":[{"name":"wp","href":"https:\/\/api.w.org\/{rel}","templated":true}]}}